{"id":17144,"date":"2020-03-03T11:11:03","date_gmt":"2020-03-03T11:11:03","guid":{"rendered":"https:\/\/gekos-ks.com\/?page_id=17144"},"modified":"2023-02-04T23:19:14","modified_gmt":"2023-02-04T22:19:14","slug":"distribution-network","status":"publish","type":"page","link":"https:\/\/gekos-ks.com\/sq\/distribution-network\/","title":{"rendered":"Rrjeti i Distribucionit"},"content":{"rendered":"<div class=\"banner has-hover\" id=\"banner-1993128297\">\n          <div class=\"banner-inner fill\">\n        <div class=\"banner-bg fill\" >\n            <div class=\"bg fill bg-fill\"><\/div>\n                                    \n                    <\/div>\n\t\t\n        <div class=\"banner-layers container\">\n            <div class=\"fill banner-link\"><\/div>            \n\n   <div id=\"text-box-1992293224\" class=\"text-box banner-layer x50 md-x50 lg-x50 y50 md-y50 lg-y50 res-text\">\n                                <div class=\"text-box-content text dark\">\n              \n              <div class=\"text-inner text-center\">\n                  \n\n\t<div id=\"gap-115586903\" class=\"gap-element clearfix\" style=\"display:block; height:auto;\">\n\t\t\n<style>\n#gap-115586903 {\n  padding-top: 20px;\n}\n<\/style>\n\t<\/div>\n\t\n\n<h2><span style=\"font-size: 85%;\"><strong>Rrjeti i Distribucionit<\/strong><\/span><\/h2>\n\n              <\/div>\n           <\/div>\n                            \n<style>\n#text-box-1992293224 {\n  width: 73%;\n}\n#text-box-1992293224 .text-box-content {\n  font-size: 100%;\n}\n@media (min-width:550px) {\n  #text-box-1992293224 {\n    width: 61%;\n  }\n}\n<\/style>\n    <\/div>\n \n\n        <\/div>\n      <\/div>\n\n            \n<style>\n#banner-1993128297 {\n  padding-top: 250px;\n}\n#banner-1993128297 .bg.bg-loaded {\n  background-image: url(https:\/\/gekos-ks.com\/wp-content\/uploads\/2020\/01\/gemag-bg-1-1024x293.png);\n}\n#banner-1993128297 .bg {\n  background-position: 55% 29%;\n}\n#banner-1993128297 .ux-shape-divider--top svg {\n  height: 150px;\n  --divider-top-width: 100%;\n}\n#banner-1993128297 .ux-shape-divider--bottom svg {\n  height: 150px;\n  --divider-width: 100%;\n}\n@media (min-width:550px) {\n  #banner-1993128297 {\n    padding-top: 250px;\n  }\n}\n<\/style>\n  <\/div>\n\n\n\t<section class=\"section\" id=\"section_1872645446\">\n\t\t<div class=\"bg section-bg fill bg-fill  bg-loaded\" >\n\n\t\t\t\n\t\t\t<div class=\"section-bg-overlay absolute fill\"><\/div>\n\t\t\t\n\n\t\t<\/div>\n\n\t\t\n\n\t\t<div class=\"section-content relative\">\n\t\t\t\n\n<div class=\"row align-center\"  id=\"row-1648924637\">\n\n\n\t<div id=\"col-642958491\" class=\"col medium-8 small-12 large-8\"  >\n\t\t\t\t<div class=\"col-inner\"  >\n\t\t\t\n\t\t\t\n\n<h2 style=\"text-align: center;\"><strong>Kanale distributive p\u00ebr t\u00eb gjitha programet dhe produktet.<\/strong><\/h2>\n\n\t\t<\/div>\n\t\t\t\t\t<\/div>\n\n\t\n\n<\/div>\n\n\t\t<\/div>\n\n\t\t\n<style>\n#section_1872645446 {\n  padding-top: 60px;\n  padding-bottom: 60px;\n}\n#section_1872645446 .section-bg-overlay {\n  background-color: rgba(255, 255, 255, 0.85);\n}\n#section_1872645446 .ux-shape-divider--top svg {\n  height: 150px;\n  --divider-top-width: 100%;\n}\n#section_1872645446 .ux-shape-divider--bottom svg {\n  height: 150px;\n  --divider-width: 100%;\n}\n<\/style>\n\t<\/section>\n\t\n\t<section class=\"section\" id=\"section_1080429208\">\n\t\t<div class=\"bg section-bg fill bg-fill  bg-loaded\" >\n\n\t\t\t\n\t\t\t<div class=\"section-bg-overlay absolute fill\"><\/div>\n\t\t\t\n\n\t\t<\/div>\n\n\t\t\n\n\t\t<div class=\"section-content relative\">\n\t\t\t\n\n<div class=\"row row-large align-middle\"  id=\"row-745583312\">\n\n\n\t<div id=\"col-2116116929\" class=\"col medium-5 small-12 large-5\"  >\n\t\t\t\t<div class=\"col-inner text-left\"  >\n\t\t\t\n\t\t\t\n\n<p style=\"text-align: right;\"><strong>Distribuim direkt n\u00eb t\u00eb gjith\u00eb Kosov\u00ebn n\u00eb:<\/strong><\/p>\n<p style=\"text-align: right;\">Tregun Modern<\/p>\n<p style=\"text-align: right;\">Tregun Tradicional<\/p>\n<p style=\"text-align: right;\">Hotele, Restaurante &amp; Kafe<\/p>\n<p style=\"text-align: right;\">Tregu me shumic\u00eb<\/p>\n\n\t\t<\/div>\n\t\t\t\t\t<\/div>\n\n\t\n\n\t<div id=\"col-1135238530\" class=\"col medium-7 small-12 large-7\"  >\n\t\t\t\t<div class=\"col-inner\"  >\n\t\t\t\n\t\t\t\n\n\t<div class=\"img has-hover x md-x lg-x y md-y lg-y\" id=\"image_1767630855\">\n\t\t\t\t\t\t\t\t<div class=\"img-inner dark\" >\n\t\t\t<img width=\"1969\" height=\"675\" src=\"https:\/\/gekos-ks.com\/wp-content\/uploads\/2020\/02\/graficki-prikaz-2.png\" class=\"attachment-original size-original\" alt=\"\" decoding=\"async\" loading=\"lazy\" srcset=\"https:\/\/gekos-ks.com\/wp-content\/uploads\/2020\/02\/graficki-prikaz-2.png 1969w, https:\/\/gekos-ks.com\/wp-content\/uploads\/2020\/02\/graficki-prikaz-2-300x103.png 300w, https:\/\/gekos-ks.com\/wp-content\/uploads\/2020\/02\/graficki-prikaz-2-1024x351.png 1024w, https:\/\/gekos-ks.com\/wp-content\/uploads\/2020\/02\/graficki-prikaz-2-768x263.png 768w, https:\/\/gekos-ks.com\/wp-content\/uploads\/2020\/02\/graficki-prikaz-2-1536x527.png 1536w\" sizes=\"(max-width: 1969px) 100vw, 1969px\" \/>\t\t\t\t\t\t\n\t\t\t\t\t<\/div>\n\t\t\t\t\t\t\t\t\n<style>\n#image_1767630855 {\n  width: 100%;\n}\n<\/style>\n\t<\/div>\n\t\n\n\n\t\t<\/div>\n\t\t\t\t\t<\/div>\n\n\t\n\n<\/div>\n\n\t\t<\/div>\n\n\t\t\n<style>\n#section_1080429208 {\n  padding-top: 60px;\n  padding-bottom: 60px;\n}\n#section_1080429208 .section-bg-overlay {\n  background-color: rgba(255, 255, 255, 0.85);\n}\n#section_1080429208 .ux-shape-divider--top svg {\n  height: 150px;\n  --divider-top-width: 100%;\n}\n#section_1080429208 .ux-shape-divider--bottom svg {\n  height: 150px;\n  --divider-width: 100%;\n}\n<\/style>\n\t<\/section>","protected":false},"excerpt":{"rendered":"","protected":false},"author":11,"featured_media":0,"parent":0,"menu_order":0,"comment_status":"closed","ping_status":"closed","template":"page-transparent-header-light.php","meta":[],"_links":{"self":[{"href":"https:\/\/gekos-ks.com\/sq\/wp-json\/wp\/v2\/pages\/17144"}],"collection":[{"href":"https:\/\/gekos-ks.com\/sq\/wp-json\/wp\/v2\/pages"}],"about":[{"href":"https:\/\/gekos-ks.com\/sq\/wp-json\/wp\/v2\/types\/page"}],"author":[{"embeddable":true,"href":"https:\/\/gekos-ks.com\/sq\/wp-json\/wp\/v2\/users\/11"}],"replies":[{"embeddable":true,"href":"https:\/\/gekos-ks.com\/sq\/wp-json\/wp\/v2\/comments?post=17144"}],"version-history":[{"count":0,"href":"https:\/\/gekos-ks.com\/sq\/wp-json\/wp\/v2\/pages\/17144\/revisions"}],"wp:attachment":[{"href":"https:\/\/gekos-ks.com\/sq\/wp-json\/wp\/v2\/media?parent=17144"}],"curies":[{"name":"wp","href":"https:\/\/api.w.org\/{rel}","templated":true}]}}