{"id":17139,"date":"2020-03-03T11:08:27","date_gmt":"2020-03-03T11:08:27","guid":{"rendered":"https:\/\/gekos-ks.com\/?page_id=17139"},"modified":"2020-03-03T11:10:10","modified_gmt":"2020-03-03T11:10:10","slug":"development-through-the-years","status":"publish","type":"page","link":"https:\/\/gekos-ks.com\/sq\/development-through-the-years\/","title":{"rendered":"Zhvillimi n\u00ebp\u00ebr vite"},"content":{"rendered":"<div class=\"banner has-hover\" id=\"banner-1477515802\">\n          <div class=\"banner-inner fill\">\n        <div class=\"banner-bg fill\" >\n            <div class=\"bg fill bg-fill\"><\/div>\n                                    \n                    <\/div>\n\t\t\n        <div class=\"banner-layers container\">\n            <div class=\"fill banner-link\"><\/div>            \n   <div id=\"text-box-1187686391\" class=\"text-box banner-layer x50 md-x50 lg-x50 y50 md-y50 lg-y50 res-text\">\n                                <div class=\"text-box-content text dark\">\n              \n              <div class=\"text-inner text-center\">\n                  \n\t<div id=\"gap-2116635703\" class=\"gap-element clearfix\" style=\"display:block; height:auto;\">\n\t\t\n<style>\n#gap-2116635703 {\n  padding-top: 20px;\n}\n<\/style>\n\t<\/div>\n\t\n<h1><span style=\"font-size: 65%;\"><strong>Zhvillimi n\u00ebp\u00ebr vite<br \/>\n<\/strong><\/span><\/h1>\n              <\/div>\n           <\/div>\n                            \n<style>\n#text-box-1187686391 {\n  width: 73%;\n}\n#text-box-1187686391 .text-box-content {\n  font-size: 100%;\n}\n@media (min-width:550px) {\n  #text-box-1187686391 {\n    width: 61%;\n  }\n}\n<\/style>\n    <\/div>\n \n        <\/div>\n      <\/div>\n\n            \n<style>\n#banner-1477515802 {\n  padding-top: 250px;\n}\n#banner-1477515802 .bg.bg-loaded {\n  background-image: url(https:\/\/gekos-ks.com\/wp-content\/uploads\/2020\/01\/gemag-bg-1-1024x293.png);\n}\n#banner-1477515802 .bg {\n  background-position: 55% 29%;\n}\n#banner-1477515802 .ux-shape-divider--top svg {\n  height: 150px;\n  --divider-top-width: 100%;\n}\n#banner-1477515802 .ux-shape-divider--bottom svg {\n  height: 150px;\n  --divider-width: 100%;\n}\n@media (min-width:550px) {\n  #banner-1477515802 {\n    padding-top: 250px;\n  }\n}\n<\/style>\n  <\/div>\n\n\n\t<section class=\"section\" id=\"section_1090549118\">\n\t\t<div class=\"bg section-bg fill bg-fill  bg-loaded\" >\n\n\t\t\t\n\t\t\t\n\t\t\t\n\n\t\t<\/div>\n\n\t\t\n\n\t\t<div class=\"section-content relative\">\n\t\t\t\n<div class=\"row align-center\"  id=\"row-564612610\">\n\n\t<div id=\"col-1160600407\" class=\"col medium-8 small-12 large-8\"  >\n\t\t\t\t<div class=\"col-inner\"  >\n\t\t\t\n\t\t\t\n    \t<div class=\"wpex-timeline-list center-tl  no-more no-end show-classic\" id=\"timeline-4032\" data-animations=\"fadeInUp\" data-rtl=\"\">\n        \t<div class=\"wpex-loading\">\n                <div class=\"wpex-spinner\">\n                    <div class=\"rect1\"><\/div>\n                    <div class=\"rect2\"><\/div>\n                    <div class=\"rect3\"><\/div>\n                    <div class=\"rect4\"><\/div>\n                    <div class=\"rect5\"><\/div>\n                <\/div>\n            <\/div>\n        \t        \t            <ul class=\"wpex wpex-timeline style-center\">\n\t\t\t\t<li class=\"filter-4032_22393  post-22393 wp-timeline type-wp-timeline status-publish hentry wpex_category-development\" data-id=\"filter-4032_22393\" >\n\t<div class=\"scroll-effect\">\n                <time class=\"wpex-timeline-time\" datetime=\"22:17 04\/02\/2023\">\n        \t            <span class=\"exclearfix\"><\/span>\n            \n\t\t<span class=\"tll-date\">\n\t\t\t\n\t\t<\/span>        <\/time>\n        <div class=\"wpex-timeline-label\">\n                        <div class=\"timeline-details\">\n                                <div class=\"tlct-shortdes\">\n                    <h2 style=\" display:inline;\">\n                        <a href=\"javascript:;\" title=\"2001\">\n                            <span class=\"tlmobile-visible\">&nbsp;-&nbsp;<\/span>2001                        <\/a>\n                    <\/h2>\n                                        <p>Riorganizimi i kompanis\u00eb Gekos n\u00eb kompani distribuimi.<\/p>\n                                    <\/div>\n            <\/div>\n            <div class=\"exclearfix\"><\/div>\n        <\/div>\n                <div class=\"wptl-readmore-center\">\n            <a href=\"javascript:;\" title=\"2001\">\n                Continue reading <i class=\"fa fa-long-arrow-right\" aria-hidden=\"true\"><\/i>\n            <\/a>\n        <\/div>\n            <\/div>\n    <div class=\"wpex-timeline-icon\">\n    \t        <a href=\"javascript:;\" title=\"2001\"><i class=\"fa fa-square no-icon\"><\/i><\/a>\n    <\/div>\n            <\/li><li class=\"filter-4032_22392  post-22392 wp-timeline type-wp-timeline status-publish hentry wpex_category-development\" data-id=\"filter-4032_22392\" >\n\t<div class=\"scroll-effect\">\n                <time class=\"wpex-timeline-time\" datetime=\"22:17 04\/02\/2023\">\n        \t            <span class=\"exclearfix\"><\/span>\n            \n\t\t<span class=\"tll-date\">\n\t\t\t\n\t\t<\/span>        <\/time>\n        <div class=\"wpex-timeline-label\">\n                        <div class=\"timeline-details\">\n                                <div class=\"tlct-shortdes\">\n                    <h2 style=\" display:inline;\">\n                        <a href=\"javascript:;\" title=\"2001\">\n                            <span class=\"tlmobile-visible\">&nbsp;-&nbsp;<\/span>2001                        <\/a>\n                    <\/h2>\n                                        <p>Ekskluzivitet p\u00ebr import dhe distribuim t\u00eb produkteve nga marka t\u00eb njohura dhe t\u00eb famshme bot\u00ebrore (Diageo, Imperial Tobacco) n\u00eb tregun e brendsh\u00ebm..<\/p>\n                                    <\/div>\n            <\/div>\n            <div class=\"exclearfix\"><\/div>\n        <\/div>\n                <div class=\"wptl-readmore-center\">\n            <a href=\"javascript:;\" title=\"2001\">\n                Continue reading <i class=\"fa fa-long-arrow-right\" aria-hidden=\"true\"><\/i>\n            <\/a>\n        <\/div>\n            <\/div>\n    <div class=\"wpex-timeline-icon\">\n    \t        <a href=\"javascript:;\" title=\"2001\"><i class=\"fa fa-square no-icon\"><\/i><\/a>\n    <\/div>\n            <\/li><li class=\"filter-4032_22391  post-22391 wp-timeline type-wp-timeline status-publish hentry wpex_category-development\" data-id=\"filter-4032_22391\" >\n\t<div class=\"scroll-effect\">\n                <time class=\"wpex-timeline-time\" datetime=\"22:17 04\/02\/2023\">\n        \t            <span class=\"exclearfix\"><\/span>\n            \n\t\t<span class=\"tll-date\">\n\t\t\t\n\t\t<\/span>        <\/time>\n        <div class=\"wpex-timeline-label\">\n                        <div class=\"timeline-details\">\n                                <div class=\"tlct-shortdes\">\n                    <h2 style=\" display:inline;\">\n                        <a href=\"javascript:;\" title=\"2008\">\n                            <span class=\"tlmobile-visible\">&nbsp;-&nbsp;<\/span>2008                        <\/a>\n                    <\/h2>\n                                        <p>Datecs b\u00ebhet shit\u00ebs i autorizuar p\u00ebr paisje fiskale.<\/p>\n                                    <\/div>\n            <\/div>\n            <div class=\"exclearfix\"><\/div>\n        <\/div>\n                <div class=\"wptl-readmore-center\">\n            <a href=\"javascript:;\" title=\"2008\">\n                Continue reading <i class=\"fa fa-long-arrow-right\" aria-hidden=\"true\"><\/i>\n            <\/a>\n        <\/div>\n            <\/div>\n    <div class=\"wpex-timeline-icon\">\n    \t        <a href=\"javascript:;\" title=\"2008\"><i class=\"fa fa-square no-icon\"><\/i><\/a>\n    <\/div>\n            <\/li><li class=\"filter-4032_22390  post-22390 wp-timeline type-wp-timeline status-publish hentry wpex_category-development\" data-id=\"filter-4032_22390\" >\n\t<div class=\"scroll-effect\">\n                <time class=\"wpex-timeline-time\" datetime=\"22:16 04\/02\/2023\">\n        \t            <span class=\"exclearfix\"><\/span>\n            \n\t\t<span class=\"tll-date\">\n\t\t\t\n\t\t<\/span>        <\/time>\n        <div class=\"wpex-timeline-label\">\n                        <div class=\"timeline-details\">\n                                <div class=\"tlct-shortdes\">\n                    <h2 style=\" display:inline;\">\n                        <a href=\"javascript:;\" title=\"2014\">\n                            <span class=\"tlmobile-visible\">&nbsp;-&nbsp;<\/span>2014                        <\/a>\n                    <\/h2>\n                                        <p>Zgjerimi i biznesit n\u00eb fush\u00ebn e patundshm\u00ebrive dhe hapja e kompleksit banesor dhe afarist, Park Residence.<\/p>\n                                    <\/div>\n            <\/div>\n            <div class=\"exclearfix\"><\/div>\n        <\/div>\n                <div class=\"wptl-readmore-center\">\n            <a href=\"javascript:;\" title=\"2014\">\n                Continue reading <i class=\"fa fa-long-arrow-right\" aria-hidden=\"true\"><\/i>\n            <\/a>\n        <\/div>\n            <\/div>\n    <div class=\"wpex-timeline-icon\">\n    \t        <a href=\"javascript:;\" title=\"2014\"><i class=\"fa fa-square no-icon\"><\/i><\/a>\n    <\/div>\n            <\/li><li class=\"filter-4032_22387  post-22387 wp-timeline type-wp-timeline status-publish hentry wpex_category-development\" data-id=\"filter-4032_22387\" >\n\t<div class=\"scroll-effect\">\n                <time class=\"wpex-timeline-time\" datetime=\"22:15 04\/02\/2023\">\n        \t            <span class=\"exclearfix\"><\/span>\n            \n\t\t<span class=\"tll-date\">\n\t\t\t\n\t\t<\/span>        <\/time>\n        <div class=\"wpex-timeline-label\">\n                        <div class=\"timeline-details\">\n                                <div class=\"tlct-shortdes\">\n                    <h2 style=\" display:inline;\">\n                        <a href=\"javascript:;\" title=\"2016\">\n                            <span class=\"tlmobile-visible\">&nbsp;-&nbsp;<\/span>2016                        <\/a>\n                    <\/h2>\n                                        <p>Gekos b\u00ebhet distributor p\u00ebr Vala &amp; Telekom<\/p>\n                                    <\/div>\n            <\/div>\n            <div class=\"exclearfix\"><\/div>\n        <\/div>\n                <div class=\"wptl-readmore-center\">\n            <a href=\"javascript:;\" title=\"2016\">\n                Continue reading <i class=\"fa fa-long-arrow-right\" aria-hidden=\"true\"><\/i>\n            <\/a>\n        <\/div>\n            <\/div>\n    <div class=\"wpex-timeline-icon\">\n    \t        <a href=\"javascript:;\" title=\"2016\"><i class=\"fa fa-square no-icon\"><\/i><\/a>\n    <\/div>\n            <\/li><li class=\"filter-4032_22386  post-22386 wp-timeline type-wp-timeline status-publish hentry wpex_category-development\" data-id=\"filter-4032_22386\" >\n\t<div class=\"scroll-effect\">\n                <time class=\"wpex-timeline-time\" datetime=\"22:14 04\/02\/2023\">\n        \t            <span class=\"exclearfix\"><\/span>\n            \n\t\t<span class=\"tll-date\">\n\t\t\t\n\t\t<\/span>        <\/time>\n        <div class=\"wpex-timeline-label\">\n                        <div class=\"timeline-details\">\n                                <div class=\"tlct-shortdes\">\n                    <h2 style=\" display:inline;\">\n                        <a href=\"javascript:;\" title=\"2016\">\n                            <span class=\"tlmobile-visible\">&nbsp;-&nbsp;<\/span>2016                        <\/a>\n                    <\/h2>\n                                        <p>Gekos b\u00ebhet distributor p\u00ebr Clipper<\/p>\n                                    <\/div>\n            <\/div>\n            <div class=\"exclearfix\"><\/div>\n        <\/div>\n                <div class=\"wptl-readmore-center\">\n            <a href=\"javascript:;\" title=\"2016\">\n                Continue reading <i class=\"fa fa-long-arrow-right\" aria-hidden=\"true\"><\/i>\n            <\/a>\n        <\/div>\n            <\/div>\n    <div class=\"wpex-timeline-icon\">\n    \t        <a href=\"javascript:;\" title=\"2016\"><i class=\"fa fa-square no-icon\"><\/i><\/a>\n    <\/div>\n            <\/li>            <\/ul>\n                    <\/div>\n        <div class=\"exclearfix\"><\/div>\n\t\t\n\t\t<\/div>\n\t\t\t\t\t<\/div>\n\n\t\n<\/div>\n\t\t<\/div>\n\n\t\t\n<style>\n#section_1090549118 {\n  padding-top: 60px;\n  padding-bottom: 60px;\n}\n#section_1090549118 .ux-shape-divider--top svg {\n  height: 150px;\n  --divider-top-width: 100%;\n}\n#section_1090549118 .ux-shape-divider--bottom svg {\n  height: 150px;\n  --divider-width: 100%;\n}\n<\/style>\n\t<\/section>","protected":false},"excerpt":{"rendered":"","protected":false},"author":11,"featured_media":0,"parent":0,"menu_order":0,"comment_status":"closed","ping_status":"closed","template":"page-transparent-header-light.php","meta":[],"_links":{"self":[{"href":"https:\/\/gekos-ks.com\/sq\/wp-json\/wp\/v2\/pages\/17139"}],"collection":[{"href":"https:\/\/gekos-ks.com\/sq\/wp-json\/wp\/v2\/pages"}],"about":[{"href":"https:\/\/gekos-ks.com\/sq\/wp-json\/wp\/v2\/types\/page"}],"author":[{"embeddable":true,"href":"https:\/\/gekos-ks.com\/sq\/wp-json\/wp\/v2\/users\/11"}],"replies":[{"embeddable":true,"href":"https:\/\/gekos-ks.com\/sq\/wp-json\/wp\/v2\/comments?post=17139"}],"version-history":[{"count":0,"href":"https:\/\/gekos-ks.com\/sq\/wp-json\/wp\/v2\/pages\/17139\/revisions"}],"wp:attachment":[{"href":"https:\/\/gekos-ks.com\/sq\/wp-json\/wp\/v2\/media?parent=17139"}],"curies":[{"name":"wp","href":"https:\/\/api.w.org\/{rel}","templated":true}]}}