{"id":17107,"date":"2020-03-03T10:52:09","date_gmt":"2020-03-03T10:52:09","guid":{"rendered":"https:\/\/gekos-ks.com\/?page_id=17107"},"modified":"2023-02-07T23:30:20","modified_gmt":"2023-02-07T22:30:20","slug":"about-gekos","status":"publish","type":"page","link":"https:\/\/gekos-ks.com\/sq\/about-gekos\/","title":{"rendered":"Rreth Gekos"},"content":{"rendered":"<div class=\"banner has-hover\" id=\"banner-1063278314\">\n          <div class=\"banner-inner fill\">\n        <div class=\"banner-bg fill\" >\n            <div class=\"bg fill bg-fill\"><\/div>\n                                    \n                    <\/div>\n\t\t\n        <div class=\"banner-layers container\">\n            <div class=\"fill banner-link\"><\/div>                <div id=\"text-box-1634947422\" class=\"text-box banner-layer x50 md-x50 lg-x50 y50 md-y50 lg-y50 res-text\">\n                                <div class=\"text-box-content text dark\">\n              \n              <div class=\"text-inner text-center\">\n                   \t<div id=\"gap-1370101235\" class=\"gap-element clearfix\" style=\"display:block; height:auto;\">\n\t\t\n<style>\n#gap-1370101235 {\n  padding-top: 20px;\n}\n<\/style>\n\t<\/div>\n\t\r\n<h1><span style=\"font-size: 85%;\"><strong>RRETH NESH<\/strong><\/span><\/h1>\r\n              <\/div>\n           <\/div>\n                            \n<style>\n#text-box-1634947422 {\n  width: 73%;\n}\n#text-box-1634947422 .text-box-content {\n  font-size: 100%;\n}\n@media (min-width:550px) {\n  #text-box-1634947422 {\n    width: 61%;\n  }\n}\n<\/style>\n    <\/div>\n          <\/div>\n      <\/div>\n\n            \n<style>\n#banner-1063278314 {\n  padding-top: 250px;\n}\n#banner-1063278314 .bg.bg-loaded {\n  background-image: url(https:\/\/gekos-ks.com\/wp-content\/uploads\/2020\/01\/gemag-bg-1.png);\n}\n#banner-1063278314 .bg {\n  background-position: 55% 29%;\n}\n#banner-1063278314 .ux-shape-divider--top svg {\n  height: 150px;\n  --divider-top-width: 100%;\n}\n#banner-1063278314 .ux-shape-divider--bottom svg {\n  height: 150px;\n  --divider-width: 100%;\n}\n@media (min-width:550px) {\n  #banner-1063278314 {\n    padding-top: 250px;\n  }\n}\n<\/style>\n  <\/div>\n\n \t<section class=\"section\" id=\"section_1037964318\">\n\t\t<div class=\"bg section-bg fill bg-fill  bg-loaded\" >\n\n\t\t\t\n\t\t\t\n\t\t\t\n\n\t\t<\/div>\n\n\t\t\n\n\t\t<div class=\"section-content relative\">\n\t\t\t <div class=\"row align-center\"  id=\"row-1889892692\"> \n\t<div id=\"col-1169773568\" class=\"col medium-8 small-12 large-8\"  >\n\t\t\t\t<div class=\"col-inner\"  >\n\t\t\t\n\t\t\t\r\n<p>Gekos \u00ebsht\u00eb nj\u00eb kompani e distribucionit e cila \u00ebsht\u00eb lider n\u00eb treg p\u00ebr m\u00eb shum\u00eb se 2 dekada dhe \u00ebsht\u00eb gjithashtu nj\u00eb partner strategjik me disa nga brendet m\u00eb t\u00eb shitura bot\u00ebrore t\u00eb pijeve alkoolike dhe joalkoolike, duhanit, produkteve ushqimore dhe jo ushqimore.<\/p>\r\n\t\t<\/div>\n\t\t\t\t\t<\/div>\n\n\t \n\t<div id=\"col-2124143580\" class=\"col medium-10 small-12 large-10\"  >\n\t\t\t\t<div class=\"col-inner\"  >\n\t\t\t\n\t\t\t\r\n<p><img decoding=\"async\" loading=\"lazy\" class=\"aligncenter size-full wp-image-17215\" src=\"https:\/\/gekos-ks.com\/wp-content\/uploads\/2020\/03\/info-en.png\" alt=\"\" width=\"1536\" height=\"199\" srcset=\"https:\/\/gekos-ks.com\/wp-content\/uploads\/2020\/03\/info-en.png 1536w, https:\/\/gekos-ks.com\/wp-content\/uploads\/2020\/03\/info-en-300x39.png 300w, https:\/\/gekos-ks.com\/wp-content\/uploads\/2020\/03\/info-en-1024x133.png 1024w, https:\/\/gekos-ks.com\/wp-content\/uploads\/2020\/03\/info-en-768x100.png 768w\" sizes=\"(max-width: 1536px) 100vw, 1536px\" \/><\/p>\r\n\t\t<\/div>\n\t\t\t\t\t<\/div>\n\n\t \n\t<div id=\"col-1340476963\" class=\"col medium-8 small-12 large-8\"  >\n\t\t\t\t<div class=\"col-inner box-shadow-5\" style=\"background-color:rgb(238, 238, 238);\" >\n\t\t\t\n\t\t\t <div class=\"container section-title-container\" ><h2 class=\"section-title section-title-bold-center\"><b><\/b><span class=\"section-title-main\" >MISIONI DHE VIZIONI<\/span><b><\/b><\/h2><\/div>\r\n<p><strong>MISIONI:<\/strong> Misioni i Gekos \u00ebsht\u00eb t\u00eb jet\u00eb \u201cZgjedhja e par\u00eb\u201d n\u00eb distribucion p\u00ebr klient\u00ebt tan\u00eb.<\/p>\r\n<p><strong>VIZIONI: <\/strong>Duke investuar n\u00eb tregjet ekzistuese dhe ato t\u00eb reja, p\u00ebr t\u00eb forcuar pozicionin e liderit n\u00eb treg duke shp\u00ebrndar\u00eb gjithashtu produkte q\u00eb rezultojn\u00eb n\u00eb besim dhe besnik\u00ebri t\u00eb partner\u00ebve.<\/p>\r\n\t\t<\/div>\n\t\t\t\t\n<style>\n#col-1340476963 > .col-inner {\n  padding: 30px 19px 30px 19px;\n}\n<\/style>\n\t<\/div>\n\n\t <\/div> \t\t<\/div>\n\n\t\t\n<style>\n#section_1037964318 {\n  padding-top: 60px;\n  padding-bottom: 60px;\n}\n#section_1037964318 .ux-shape-divider--top svg {\n  height: 150px;\n  --divider-top-width: 100%;\n}\n#section_1037964318 .ux-shape-divider--bottom svg {\n  height: 150px;\n  --divider-width: 100%;\n}\n<\/style>\n\t<\/section>","protected":false},"excerpt":{"rendered":"","protected":false},"author":11,"featured_media":0,"parent":0,"menu_order":0,"comment_status":"closed","ping_status":"closed","template":"page-transparent-header-light.php","meta":[],"_links":{"self":[{"href":"https:\/\/gekos-ks.com\/sq\/wp-json\/wp\/v2\/pages\/17107"}],"collection":[{"href":"https:\/\/gekos-ks.com\/sq\/wp-json\/wp\/v2\/pages"}],"about":[{"href":"https:\/\/gekos-ks.com\/sq\/wp-json\/wp\/v2\/types\/page"}],"author":[{"embeddable":true,"href":"https:\/\/gekos-ks.com\/sq\/wp-json\/wp\/v2\/users\/11"}],"replies":[{"embeddable":true,"href":"https:\/\/gekos-ks.com\/sq\/wp-json\/wp\/v2\/comments?post=17107"}],"version-history":[{"count":0,"href":"https:\/\/gekos-ks.com\/sq\/wp-json\/wp\/v2\/pages\/17107\/revisions"}],"wp:attachment":[{"href":"https:\/\/gekos-ks.com\/sq\/wp-json\/wp\/v2\/media?parent=17107"}],"curies":[{"name":"wp","href":"https:\/\/api.w.org\/{rel}","templated":true}]}}